{"id":150,"date":"2022-05-05T07:14:35","date_gmt":"2022-05-05T05:14:35","guid":{"rendered":"http:\/\/matvision.eu\/?page_id=150"},"modified":"2024-01-08T10:27:37","modified_gmt":"2024-01-08T09:27:37","slug":"contact","status":"publish","type":"page","link":"https:\/\/matvision.eu\/fr\/contact\/","title":{"rendered":"Contact"},"content":{"rendered":"<div data-elementor-type=\"wp-page\" data-elementor-id=\"150\" class=\"elementor elementor-150\">\n\t\t\t\t\t\t\t\t\t<div class=\"elementor-section elementor-top-section elementor-element elementor-element-9e418c4 elementor-section-boxed elementor-section-height-default elementor-section-height-default\" data-id=\"9e418c4\" data-element_type=\"section\">\n\t\t\t\t\t\t<div class=\"elementor-container elementor-column-gap-default\">\n\t\t\t\t\t<div class=\"elementor-column elementor-col-100 elementor-top-column elementor-element elementor-element-aad1a76\" data-id=\"aad1a76\" data-element_type=\"column\">\n\t\t\t<div class=\"elementor-widget-wrap elementor-element-populated\">\n\t\t\t\t\t\t\t\t<div class=\"elementor-element elementor-element-29fb788 elementor-widget elementor-widget-heading\" data-id=\"29fb788\" data-element_type=\"widget\" data-widget_type=\"heading.default\">\n\t\t\t\t<div class=\"elementor-widget-container\">\n\t\t\t<style>\/*! elementor - v3.18.0 - 08-12-2023 *\/\n.elementor-heading-title{padding:0;margin:0;line-height:1}.elementor-widget-heading .elementor-heading-title[class*=elementor-size-]>a{color:inherit;font-size:inherit;line-height:inherit}.elementor-widget-heading .elementor-heading-title.elementor-size-small{font-size:15px}.elementor-widget-heading .elementor-heading-title.elementor-size-medium{font-size:19px}.elementor-widget-heading .elementor-heading-title.elementor-size-large{font-size:29px}.elementor-widget-heading .elementor-heading-title.elementor-size-xl{font-size:39px}.elementor-widget-heading .elementor-heading-title.elementor-size-xxl{font-size:59px}<\/style><h1 class=\"elementor-heading-title elementor-size-default\">Entrer en contact<\/h1>\t\t<\/div>\n\t\t\t\t<\/div>\n\t\t\t\t<div class=\"elementor-element elementor-element-717c43d elementor-widget__width-initial elementor-widget elementor-widget-text-editor\" data-id=\"717c43d\" data-element_type=\"widget\" data-widget_type=\"text-editor.default\">\n\t\t\t\t<div class=\"elementor-widget-container\">\n\t\t\t<style>\/*! elementor - v3.18.0 - 08-12-2023 *\/\n.elementor-widget-text-editor.elementor-drop-cap-view-stacked .elementor-drop-cap{background-color:#69727d;color:#fff}.elementor-widget-text-editor.elementor-drop-cap-view-framed .elementor-drop-cap{color:#69727d;border:3px solid;background-color:transparent}.elementor-widget-text-editor:not(.elementor-drop-cap-view-default) .elementor-drop-cap{margin-top:8px}.elementor-widget-text-editor:not(.elementor-drop-cap-view-default) .elementor-drop-cap-letter{width:1em;height:1em}.elementor-widget-text-editor .elementor-drop-cap{float:left;text-align:center;line-height:1;font-size:50px}.elementor-widget-text-editor .elementor-drop-cap-letter{display:inline-block}<\/style>\t\t\t\t<p>Connectons-nous\u00a0! Que vous ayez un d\u00e9fi de tri \u00e0 relever, que vous souhaitiez discuter de nos algorithmes de pointe ou que vous ayez une nouvelle id\u00e9e de projet en t\u00eate, nous sommes \u00e0 votre \u00e9coute et pr\u00eats \u00e0 collaborer.<\/p><p>\u00a0<\/p>\t\t\t\t\t\t<\/div>\n\t\t\t\t<\/div>\n\t\t\t\t\t<\/div>\n\t\t<\/div>\n\t\t\t\t\t\t\t<\/div>\n\t\t<\/div>\n\t\t\t\t<div class=\"elementor-section elementor-top-section elementor-element elementor-element-b992b15 elementor-section-boxed elementor-section-height-default elementor-section-height-default\" data-id=\"b992b15\" data-element_type=\"section\" data-settings=\"{&quot;background_background&quot;:&quot;classic&quot;}\">\n\t\t\t\t\t\t<div class=\"elementor-container elementor-column-gap-default\">\n\t\t\t\t\t<div class=\"elementor-column elementor-col-100 elementor-top-column elementor-element elementor-element-a546aaa\" data-id=\"a546aaa\" data-element_type=\"column\">\n\t\t\t<div class=\"elementor-widget-wrap elementor-element-populated\">\n\t\t\t\t\t\t\t\t<section class=\"elementor-section elementor-inner-section elementor-element elementor-element-62f73b5 elementor-reverse-mobile elementor-section-boxed elementor-section-height-default elementor-section-height-default elementor-invisible\" data-id=\"62f73b5\" data-element_type=\"section\" data-settings=\"{&quot;background_background&quot;:&quot;classic&quot;,&quot;animation&quot;:&quot;fadeInUp&quot;}\">\n\t\t\t\t\t\t<div class=\"elementor-container elementor-column-gap-default\">\n\t\t\t\t\t<div class=\"elementor-column elementor-col-50 elementor-inner-column elementor-element elementor-element-53cf8ed\" data-id=\"53cf8ed\" data-element_type=\"column\">\n\t\t\t<div class=\"elementor-widget-wrap elementor-element-populated\">\n\t\t\t\t\t\t\t\t<div class=\"elementor-element elementor-element-916d0f8 elementor-widget elementor-widget-bdt-contact-form\" data-id=\"916d0f8\" data-element_type=\"widget\" data-widget_type=\"bdt-contact-form.default\">\n\t\t\t\t<div class=\"elementor-widget-container\">\n\t\t\t\t\t<div class=\"bdt-contact-form bdt-contact-form-skin-default\">\n\t\t\t<div class=\"elementor-form-fields-wrapper\">\n\t\t\t\t\t\t<div class=\"bdt-contact-form-wrapper\">\n\t\t\t<form class=\"bdt-contact-form-form bdt-form-stacked bdt-grid bdt-grid-small without-recaptcha\" data-bdt-grid=\"\" action=\"https:\/\/matvision.eu\/wp-admin\/admin-ajax.php\" method=\"post\">\n\n\t\t\t\t\n\t\t\t\t\t<div class=\"bdt-field-group elementor-field-required bdt-width-1-1\">\n\t\t\t\t\t\t<label for=\"user_name916d0f8\" class=\"bdt-form-label\">Nom*<\/label><div class=\"bdt-form-controls\"><input type=\"text\" name=\"name\" id=\"user_name916d0f8\" placeholder=\"Entrez votre nom...\" class=\"bdt-input bdt-form-default\" required =\"required\"><\/div>\t\t\t\t\t<\/div>\n\n\t\t\t\t\t<div class=\"bdt-field-group elementor-field-required bdt-width-1-1\">\n\t\t\t\t\t\t<label for=\"email916d0f8\" class=\"bdt-form-label\">Adresse e-mail*<\/label><div class=\"bdt-form-controls\"><input type=\"email\" name=\"email\" id=\"email916d0f8\" placeholder=\"Entrez votre adresse email...\" class=\"bdt-input bdt-form-default\" required=\"required\"><\/div>\t\t\t\t\t<\/div>\n\n\t\t\t\t\t\n\t\t\t\t\t\n\t\t\t\t\t\n\t\t\t\t\t\t\t\t\t\t\t<div class=\"bdt-field-group bdt-width-1-1 elementor-field-required\">\n\t\t\t\t\t\t\t<label for=\"message916d0f8\" class=\"bdt-form-label\">Message*<\/label><div class=\"bdt-form-controls\"><textarea name=\"message\" id=\"message916d0f8\" rows=\"4\" placeholder=\"Entrez votre message....\" class=\"bdt-textarea bdt-form-default\" required=\"required\"><\/textarea><\/div>\t\t\t\t\t\t<\/div>\n\t\t\t\t\t\n\t\t\t\t\t\n\n\t\t\t\t\t\n\t\t\t\t\t\n\t\t\t\t\t<input type=\"hidden\" class=\"widget_id\" name=\"widget_id\" value=\"916d0f8\" \/>\n\t\t\t\t\t<input type=\"hidden\" name=\"bdt-sf-916d0f8\" value=\"true\" \/>\n\t\t\t\t\t<input type=\"hidden\" class=\"page_id\" name=\"page_id\" value=\"150\" \/>\n\n\t\t\t\t\t<div class=\"elementor-field-type-submit bdt-field-group bdt-flex bdt-width-1-1\">\n\t\t\t\t\t\t<button type=\"submit\" class=\"elementor-button bdt-button bdt-button-primary\" name=\"submit\">\n\t\t\t\t\t\t\t\t\t\t\t\t\t\t\t<span>Soumettre<\/span>\n\t\t\t\t\t\t\t\t\t\t\t\t\t<\/button>\n\t\t\t\t\t<\/div>\n\n\t\t\t\t\t<input name=\"_wpnonce\" value=\"247323f202\" type=\"hidden\">\n\n\t\t\t\t\t<input type=\"hidden\" name=\"action\" value=\"element_pack_contact_form\" \/>\n\n\t\t\t\t\t\n\t\t\t<\/form>\n\t\t<\/div>\n\t\t\t<\/div>\n\t\t<\/div>\n\t\t\t<\/div>\n\t\t\t\t<\/div>\n\t\t\t\t\t<\/div>\n\t\t<\/div>\n\t\t\t\t<div class=\"elementor-column elementor-col-50 elementor-inner-column elementor-element elementor-element-0df5f52\" data-id=\"0df5f52\" data-element_type=\"column\" data-settings=\"{&quot;background_background&quot;:&quot;classic&quot;}\">\n\t\t\t<div class=\"elementor-widget-wrap elementor-element-populated\">\n\t\t\t\t\t\t\t\t<div class=\"elementor-element elementor-element-ee940d0 elementor-widget elementor-widget-heading\" data-id=\"ee940d0\" data-element_type=\"widget\" data-widget_type=\"heading.default\">\n\t\t\t\t<div class=\"elementor-widget-container\">\n\t\t\t<h3 class=\"elementor-heading-title elementor-size-default\">Coordonn\u00e9es<\/h3>\t\t<\/div>\n\t\t\t\t<\/div>\n\t\t\t\t<div class=\"elementor-element elementor-element-32a01e1 elementor-widget elementor-widget-text-editor\" data-id=\"32a01e1\" data-element_type=\"widget\" data-widget_type=\"text-editor.default\">\n\t\t\t\t<div class=\"elementor-widget-container\">\n\t\t\t\t\t\t\t<div class=\"group w-full text-gray-800 dark:text-gray-100 border-b border-black\/10 dark:border-gray-900\/50 bg-gray-50 dark:bg-[#444654]\"><div class=\"text-base gap-4 md:gap-6 md:max-w-2xl lg:max-w-2xl xl:max-w-3xl p-4 md:py-6 flex lg:px-0 m-auto\"><div class=\"relative flex w-[calc(100%-50px)] flex-col gap-1 md:gap-3 lg:w-[calc(100%-115px)]\"><div class=\"flex flex-grow flex-col gap-3\"><div class=\"min-h-[20px] flex flex-col items-start gap-4 whitespace-pre-wrap\"><div class=\"markdown prose w-full break-words dark:prose-invert dark\"><p>Obtenez plus rapidement les informations dont vous avez besoin\u00a0! Faites-nous savoir l&#039;objet de votre message afin que la bonne personne puisse vous r\u00e9pondre directement.<\/p><\/div><\/div><\/div><div class=\"flex justify-between\"><div class=\"text-gray-400 flex self-end lg:self-center justify-center mt-2 gap-3 md:gap-4 lg:gap-1 lg:absolute lg:top-0 lg:translate-x-full lg:right-0 lg:mt-0 lg:pl-2 visible\">\u00a0<\/div><\/div><\/div><\/div><\/div>\t\t\t\t\t\t<\/div>\n\t\t\t\t<\/div>\n\t\t\t\t<div class=\"elementor-element elementor-element-02c090e elementor-icon-list--layout-traditional elementor-list-item-link-full_width elementor-widget elementor-widget-icon-list\" data-id=\"02c090e\" data-element_type=\"widget\" data-widget_type=\"icon-list.default\">\n\t\t\t\t<div class=\"elementor-widget-container\">\n\t\t\t<link rel=\"stylesheet\" href=\"https:\/\/matvision.eu\/wp-content\/plugins\/elementor\/assets\/css\/widget-icon-list.min.css\">\t\t<ul class=\"elementor-icon-list-items\">\n\t\t\t\t\t\t\t<li class=\"elementor-icon-list-item\">\n\t\t\t\t\t\t\t\t\t\t\t<a href=\"#\">\n\n\t\t\t\t\t\t\t\t\t\t\t\t<span class=\"elementor-icon-list-icon\">\n\t\t\t\t\t\t\t<i aria-hidden=\"true\" class=\"fas fa-envelope\"><\/i>\t\t\t\t\t\t<\/span>\n\t\t\t\t\t\t\t\t\t\t<span class=\"elementor-icon-list-text\">contact@matvision.eu<\/span>\n\t\t\t\t\t\t\t\t\t\t\t<\/a>\n\t\t\t\t\t\t\t\t\t<\/li>\n\t\t\t\t\t\t\t\t<li class=\"elementor-icon-list-item\">\n\t\t\t\t\t\t\t\t\t\t\t<a href=\"#\">\n\n\t\t\t\t\t\t\t\t\t\t\t\t<span class=\"elementor-icon-list-icon\">\n\t\t\t\t\t\t\t<i aria-hidden=\"true\" class=\"fas fa-phone-alt\"><\/i>\t\t\t\t\t\t<\/span>\n\t\t\t\t\t\t\t\t\t\t<span class=\"elementor-icon-list-text\">+ 32 (0) 496 33 20 79<\/span>\n\t\t\t\t\t\t\t\t\t\t\t<\/a>\n\t\t\t\t\t\t\t\t\t<\/li>\n\t\t\t\t\t\t\t\t<li class=\"elementor-icon-list-item\">\n\t\t\t\t\t\t\t\t\t\t\t<a href=\"#\">\n\n\t\t\t\t\t\t\t\t\t\t\t\t<span class=\"elementor-icon-list-icon\">\n\t\t\t\t\t\t\t<i aria-hidden=\"true\" class=\"fas fa-map-marker-alt\"><\/i>\t\t\t\t\t\t<\/span>\n\t\t\t\t\t\t\t\t\t\t<span class=\"elementor-icon-list-text\">Li\u00e8ge, Belgique<\/span>\n\t\t\t\t\t\t\t\t\t\t\t<\/a>\n\t\t\t\t\t\t\t\t\t<\/li>\n\t\t\t\t\t\t<\/ul>\n\t\t\t\t<\/div>\n\t\t\t\t<\/div>\n\t\t\t\t\t<\/div>\n\t\t<\/div>\n\t\t\t\t\t\t\t<\/div>\n\t\t<\/section>\n\t\t\t\t\t<\/div>\n\t\t<\/div>\n\t\t\t\t\t\t\t<\/div>\n\t\t<\/div>\n\t\t\t\t\t\t\t<\/div>","protected":false},"excerpt":{"rendered":"<p>Get in touch Let&#8217;s connect! Whether you have a sorting challenge to conquer, want to discuss our cutting-edge algorithms, or have a [&hellip;]<\/p>","protected":false},"author":1,"featured_media":0,"parent":0,"menu_order":0,"comment_status":"closed","ping_status":"closed","template":"","meta":{"footnotes":""},"class_list":["post-150","page","type-page","status-publish","hentry"],"yoast_head":"<!-- This site is optimized with the Yoast SEO plugin v21.6 - https:\/\/yoast.com\/wordpress\/plugins\/seo\/ -->\n<title>Contact - MATVISION - Smart sorting solutions<\/title>\n<meta name=\"robots\" content=\"index, follow, max-snippet:-1, max-image-preview:large, max-video-preview:-1\" \/>\n<link rel=\"canonical\" href=\"https:\/\/matvision.eu\/fr\/contact\/\" \/>\n<meta property=\"og:locale\" content=\"fr_FR\" \/>\n<meta property=\"og:type\" content=\"article\" \/>\n<meta property=\"og:title\" content=\"Contact - MATVISION - Smart sorting solutions\" \/>\n<meta property=\"og:description\" content=\"Get in touch Let&#8217;s connect! Whether you have a sorting challenge to conquer, want to discuss our cutting-edge algorithms, or have a [&hellip;]\" \/>\n<meta property=\"og:url\" content=\"https:\/\/matvision.eu\/fr\/contact\/\" \/>\n<meta property=\"og:site_name\" content=\"MATVISION - Smart sorting solutions\" \/>\n<meta property=\"article:publisher\" content=\"https:\/\/www.facebook.com\/people\/Matvision\/61554439169848\/\" \/>\n<meta property=\"article:modified_time\" content=\"2024-01-08T09:27:37+00:00\" \/>\n<meta property=\"og:image\" content=\"https:\/\/matvision.eu\/wp-content\/uploads\/2023\/12\/hans-ripa-L7eLYUz6ry0-unsplash_cropped.jpg\" \/>\n\t<meta property=\"og:image:width\" content=\"724\" \/>\n\t<meta property=\"og:image:height\" content=\"560\" \/>\n\t<meta property=\"og:image:type\" content=\"image\/jpeg\" \/>\n<meta name=\"twitter:card\" content=\"summary_large_image\" \/>\n<meta name=\"twitter:site\" content=\"@matvisionEU\" \/>\n<meta name=\"twitter:label1\" content=\"Dur\u00e9e de lecture est.\" \/>\n\t<meta name=\"twitter:data1\" content=\"1 minute\" \/>\n<script type=\"application\/ld+json\" class=\"yoast-schema-graph\">{\"@context\":\"https:\/\/schema.org\",\"@graph\":[{\"@type\":\"WebPage\",\"@id\":\"https:\/\/matvision.eu\/fr\/contact\/\",\"url\":\"https:\/\/matvision.eu\/fr\/contact\/\",\"name\":\"Contact - MATVISION - Smart sorting solutions\",\"isPartOf\":{\"@id\":\"https:\/\/matvision.eu\/fr\/#website\"},\"datePublished\":\"2022-05-05T05:14:35+00:00\",\"dateModified\":\"2024-01-08T09:27:37+00:00\",\"breadcrumb\":{\"@id\":\"https:\/\/matvision.eu\/fr\/contact\/#breadcrumb\"},\"inLanguage\":\"fr-BE\",\"potentialAction\":[{\"@type\":\"ReadAction\",\"target\":[\"https:\/\/matvision.eu\/fr\/contact\/\"]}]},{\"@type\":\"BreadcrumbList\",\"@id\":\"https:\/\/matvision.eu\/fr\/contact\/#breadcrumb\",\"itemListElement\":[{\"@type\":\"ListItem\",\"position\":1,\"name\":\"Accueil\",\"item\":\"https:\/\/matvision.eu\/\"},{\"@type\":\"ListItem\",\"position\":2,\"name\":\"Contact\"}]},{\"@type\":\"WebSite\",\"@id\":\"https:\/\/matvision.eu\/fr\/#website\",\"url\":\"https:\/\/matvision.eu\/fr\/\",\"name\":\"MATVISION - Smart sorting solutions\",\"description\":\"Extract value from waste with our multi-sensor robotic solution\",\"publisher\":{\"@id\":\"https:\/\/matvision.eu\/fr\/#organization\"},\"alternateName\":\"MATVISION\",\"potentialAction\":[{\"@type\":\"SearchAction\",\"target\":{\"@type\":\"EntryPoint\",\"urlTemplate\":\"https:\/\/matvision.eu\/fr\/?s={search_term_string}\"},\"query-input\":\"required name=search_term_string\"}],\"inLanguage\":\"fr-BE\"},{\"@type\":\"Organization\",\"@id\":\"https:\/\/matvision.eu\/fr\/#organization\",\"name\":\"MATVISION - Smart sorting solutions\",\"url\":\"https:\/\/matvision.eu\/fr\/\",\"logo\":{\"@type\":\"ImageObject\",\"inLanguage\":\"fr-BE\",\"@id\":\"https:\/\/matvision.eu\/fr\/#\/schema\/logo\/image\/\",\"url\":\"http:\/\/matvision.eu\/wp-content\/uploads\/2023\/03\/logo_arrow.png\",\"contentUrl\":\"http:\/\/matvision.eu\/wp-content\/uploads\/2023\/03\/logo_arrow.png\",\"width\":498,\"height\":320,\"caption\":\"MATVISION - Smart sorting solutions\"},\"image\":{\"@id\":\"https:\/\/matvision.eu\/fr\/#\/schema\/logo\/image\/\"},\"sameAs\":[\"https:\/\/www.facebook.com\/people\/Matvision\/61554439169848\/\",\"https:\/\/twitter.com\/matvisionEU\",\"https:\/\/www.linkedin.com\/company\/matvision\/\",\"https:\/\/www.facebook.com\/profile.php?id=61554439169848\"]}]}<\/script>\n<!-- \/ Yoast SEO plugin. -->","yoast_head_json":{"title":"Contact - MATVISION - Smart sorting solutions","robots":{"index":"index","follow":"follow","max-snippet":"max-snippet:-1","max-image-preview":"max-image-preview:large","max-video-preview":"max-video-preview:-1"},"canonical":"https:\/\/matvision.eu\/fr\/contact\/","og_locale":"fr_FR","og_type":"article","og_title":"Contact - MATVISION - Smart sorting solutions","og_description":"Get in touch Let&#8217;s connect! Whether you have a sorting challenge to conquer, want to discuss our cutting-edge algorithms, or have a [&hellip;]","og_url":"https:\/\/matvision.eu\/fr\/contact\/","og_site_name":"MATVISION - Smart sorting solutions","article_publisher":"https:\/\/www.facebook.com\/people\/Matvision\/61554439169848\/","article_modified_time":"2024-01-08T09:27:37+00:00","og_image":[{"width":724,"height":560,"url":"https:\/\/matvision.eu\/wp-content\/uploads\/2023\/12\/hans-ripa-L7eLYUz6ry0-unsplash_cropped.jpg","type":"image\/jpeg"}],"twitter_card":"summary_large_image","twitter_site":"@matvisionEU","twitter_misc":{"Dur\u00e9e de lecture est.":"1 minute"},"schema":{"@context":"https:\/\/schema.org","@graph":[{"@type":"WebPage","@id":"https:\/\/matvision.eu\/fr\/contact\/","url":"https:\/\/matvision.eu\/fr\/contact\/","name":"Contact - MATVISION - Smart sorting solutions","isPartOf":{"@id":"https:\/\/matvision.eu\/fr\/#website"},"datePublished":"2022-05-05T05:14:35+00:00","dateModified":"2024-01-08T09:27:37+00:00","breadcrumb":{"@id":"https:\/\/matvision.eu\/fr\/contact\/#breadcrumb"},"inLanguage":"fr-BE","potentialAction":[{"@type":"ReadAction","target":["https:\/\/matvision.eu\/fr\/contact\/"]}]},{"@type":"BreadcrumbList","@id":"https:\/\/matvision.eu\/fr\/contact\/#breadcrumb","itemListElement":[{"@type":"ListItem","position":1,"name":"Accueil","item":"https:\/\/matvision.eu\/"},{"@type":"ListItem","position":2,"name":"Contact"}]},{"@type":"WebSite","@id":"https:\/\/matvision.eu\/fr\/#website","url":"https:\/\/matvision.eu\/fr\/","name":"MATVISION - Smart sorting solutions","description":"Extract value from waste with our multi-sensor robotic solution","publisher":{"@id":"https:\/\/matvision.eu\/fr\/#organization"},"alternateName":"MATVISION","potentialAction":[{"@type":"SearchAction","target":{"@type":"EntryPoint","urlTemplate":"https:\/\/matvision.eu\/fr\/?s={search_term_string}"},"query-input":"required name=search_term_string"}],"inLanguage":"fr-BE"},{"@type":"Organization","@id":"https:\/\/matvision.eu\/fr\/#organization","name":"MATVISION - Smart sorting solutions","url":"https:\/\/matvision.eu\/fr\/","logo":{"@type":"ImageObject","inLanguage":"fr-BE","@id":"https:\/\/matvision.eu\/fr\/#\/schema\/logo\/image\/","url":"http:\/\/matvision.eu\/wp-content\/uploads\/2023\/03\/logo_arrow.png","contentUrl":"http:\/\/matvision.eu\/wp-content\/uploads\/2023\/03\/logo_arrow.png","width":498,"height":320,"caption":"MATVISION - Smart sorting solutions"},"image":{"@id":"https:\/\/matvision.eu\/fr\/#\/schema\/logo\/image\/"},"sameAs":["https:\/\/www.facebook.com\/people\/Matvision\/61554439169848\/","https:\/\/twitter.com\/matvisionEU","https:\/\/www.linkedin.com\/company\/matvision\/","https:\/\/www.facebook.com\/profile.php?id=61554439169848"]}]}},"_links":{"self":[{"href":"https:\/\/matvision.eu\/fr\/wp-json\/wp\/v2\/pages\/150","targetHints":{"allow":["GET"]}}],"collection":[{"href":"https:\/\/matvision.eu\/fr\/wp-json\/wp\/v2\/pages"}],"about":[{"href":"https:\/\/matvision.eu\/fr\/wp-json\/wp\/v2\/types\/page"}],"author":[{"embeddable":true,"href":"https:\/\/matvision.eu\/fr\/wp-json\/wp\/v2\/users\/1"}],"replies":[{"embeddable":true,"href":"https:\/\/matvision.eu\/fr\/wp-json\/wp\/v2\/comments?post=150"}],"version-history":[{"count":9,"href":"https:\/\/matvision.eu\/fr\/wp-json\/wp\/v2\/pages\/150\/revisions"}],"predecessor-version":[{"id":972,"href":"https:\/\/matvision.eu\/fr\/wp-json\/wp\/v2\/pages\/150\/revisions\/972"}],"wp:attachment":[{"href":"https:\/\/matvision.eu\/fr\/wp-json\/wp\/v2\/media?parent=150"}],"curies":[{"name":"wp","href":"https:\/\/api.w.org\/{rel}","templated":true}]}}